{"id":3831,"date":"2021-06-18T09:07:42","date_gmt":"2021-06-18T06:07:42","guid":{"rendered":"http:\/\/onkayapi.com\/wordpresss\/?page_id=3831"},"modified":"2021-06-18T09:10:48","modified_gmt":"2021-06-18T06:10:48","slug":"ic-cephe-uygulamalari","status":"publish","type":"page","link":"https:\/\/onkayapi.com\/index.php\/ic-cephe-uygulamalari\/","title":{"rendered":"\u0130\u00e7 Cephe Uygulamalar\u0131"},"content":{"rendered":"\t\t<div data-elementor-type=\"post\" data-elementor-id=\"3831\" class=\"elementor elementor-3831\" data-elementor-settings=\"[]\">\n\t\t\t<div class=\"elementor-inner\">\n\t\t\t\t<div class=\"elementor-section-wrap\">\n\t\t\t\t\t\t\t<section class=\"elementor-element elementor-element-c9ad5ec elementor-section-boxed elementor-section-height-default elementor-section-height-default elementor-section elementor-top-section\" data-id=\"c9ad5ec\" data-element_type=\"section\">\n\t\t\t\t\t\t<div class=\"elementor-container elementor-column-gap-default\">\n\t\t\t\t<div class=\"elementor-row\">\n\t\t\t\t<div class=\"elementor-element elementor-element-2febe3a elementor-column elementor-col-100 elementor-top-column\" data-id=\"2febe3a\" data-element_type=\"column\">\n\t\t\t<div class=\"elementor-column-wrap  elementor-element-populated\">\n\t\t\t\t\t<div class=\"elementor-widget-wrap\">\n\t\t\t\t<div class=\"elementor-element elementor-element-e4f531b elementor-widget elementor-widget-image\" data-id=\"e4f531b\" data-element_type=\"widget\" data-widget_type=\"image.default\">\n\t\t\t\t<div class=\"elementor-widget-container\">\n\t\t\t\t\t<div class=\"elementor-image\">\n\t\t\t\t\t\t\t\t\t\t<img src=\"https:\/\/onkayapi.com\/wordpresss\/wp-content\/uploads\/2019\/05\/blog-1.jpg\" title=\"\" alt=\"\" \/>\t\t\t\t\t\t\t\t\t\t\t<\/div>\n\t\t\t\t<\/div>\n\t\t\t\t<\/div>\n\t\t\t\t\t\t<\/div>\n\t\t\t<\/div>\n\t\t<\/div>\n\t\t\t\t\t\t<\/div>\n\t\t\t<\/div>\n\t\t<\/section>\n\t\t\t\t<section class=\"elementor-element elementor-element-4f3bb43 elementor-section-boxed elementor-section-height-default elementor-section-height-default elementor-section elementor-top-section\" data-id=\"4f3bb43\" data-element_type=\"section\">\n\t\t\t\t\t\t<div class=\"elementor-container elementor-column-gap-default\">\n\t\t\t\t<div class=\"elementor-row\">\n\t\t\t\t<div class=\"elementor-element elementor-element-46f52da elementor-column elementor-col-100 elementor-top-column\" data-id=\"46f52da\" data-element_type=\"column\">\n\t\t\t<div class=\"elementor-column-wrap  elementor-element-populated\">\n\t\t\t\t\t<div class=\"elementor-widget-wrap\">\n\t\t\t\t<div class=\"elementor-element elementor-element-98ca09f elementor-widget elementor-widget-text-editor\" data-id=\"98ca09f\" data-element_type=\"widget\" data-widget_type=\"text-editor.default\">\n\t\t\t\t<div class=\"elementor-widget-container\">\n\t\t\t\t\t<div class=\"elementor-text-editor elementor-clearfix\"><div class=\"custom-heading\"><div class=\"custom-heading\"><div class=\"custom-heading\"><h4>\u0130\u00e7 Cephe Uygulamalar\u0131<\/h4><\/div><p>Firmam\u0131z taraf\u0131ndan i\u00e7 cephe uygulamalar\u0131n\u0131 profesyonel kadromuz taraf\u0131ndan yap\u0131lmaktad\u0131r.<\/p><\/div><\/div><\/div>\n\t\t\t\t<\/div>\n\t\t\t\t<\/div>\n\t\t\t\t\t\t<\/div>\n\t\t\t<\/div>\n\t\t<\/div>\n\t\t\t\t\t\t<\/div>\n\t\t\t<\/div>\n\t\t<\/section>\n\t\t\t\t\t\t<\/div>\n\t\t\t<\/div>\n\t\t<\/div>\n\t\t","protected":false},"excerpt":{"rendered":"<p>\u0130\u00e7 Cephe Uygulamalar\u0131 Firmam\u0131z taraf\u0131ndan i\u00e7 cephe uygulamalar\u0131n\u0131 profesyonel kadromuz taraf\u0131ndan yap\u0131lmaktad\u0131r.<\/p>\n","protected":false},"author":1,"featured_media":0,"parent":0,"menu_order":0,"comment_status":"closed","ping_status":"closed","template":"blank-builder.php","meta":[],"_links":{"self":[{"href":"https:\/\/onkayapi.com\/index.php\/wp-json\/wp\/v2\/pages\/3831"}],"collection":[{"href":"https:\/\/onkayapi.com\/index.php\/wp-json\/wp\/v2\/pages"}],"about":[{"href":"https:\/\/onkayapi.com\/index.php\/wp-json\/wp\/v2\/types\/page"}],"author":[{"embeddable":true,"href":"https:\/\/onkayapi.com\/index.php\/wp-json\/wp\/v2\/users\/1"}],"replies":[{"embeddable":true,"href":"https:\/\/onkayapi.com\/index.php\/wp-json\/wp\/v2\/comments?post=3831"}],"version-history":[{"count":4,"href":"https:\/\/onkayapi.com\/index.php\/wp-json\/wp\/v2\/pages\/3831\/revisions"}],"predecessor-version":[{"id":3837,"href":"https:\/\/onkayapi.com\/index.php\/wp-json\/wp\/v2\/pages\/3831\/revisions\/3837"}],"wp:attachment":[{"href":"https:\/\/onkayapi.com\/index.php\/wp-json\/wp\/v2\/media?parent=3831"}],"curies":[{"name":"wp","href":"https:\/\/api.w.org\/{rel}","templated":true}]}}