{"id":3853,"date":"2021-06-18T09:16:24","date_gmt":"2021-06-18T06:16:24","guid":{"rendered":"http:\/\/onkayapi.com\/wordpresss\/?page_id=3853"},"modified":"2021-11-01T13:48:24","modified_gmt":"2021-11-01T10:48:24","slug":"yapi-malzeme-satis","status":"publish","type":"page","link":"https:\/\/onkayapi.com\/index.php\/yapi-malzeme-satis\/","title":{"rendered":"Yap\u0131 Malzeme Sat\u0131\u015f"},"content":{"rendered":"<p><img width=\"1024\" height=\"430\" src=\"https:\/\/onkayapi.com\/wp-content\/uploads\/2021\/07\/yapi-malzeme-01-1024x430.png\" alt=\"\" loading=\"lazy\"><\/p>\n<h4>Yap\u0131 Malzeme Sat\u0131\u015f<\/h4>\n<h4><\/h4>\n<h4><\/h4>\n<p>Firmam\u0131z taraf\u0131ndan sat\u0131\u015f\u0131 sunulan yap\u0131 malzemeleri;<\/p>\n<p><a href=\"\">Al\u00e7\u0131pan ve Sistemleri<\/a><\/p>\n<p><img loading=\"lazy\" src=\"https:\/\/onkayapi.com\/wp-content\/uploads\/2021\/07\/alcipan-aksesuar01-fa73c-300x182.jpg\" alt=\"\" width=\"300\" height=\"182\"> <img loading=\"lazy\" src=\"https:\/\/onkayapi.com\/wp-content\/uploads\/2021\/07\/alcipan-beyaz_10315_2-300x300.jpg\" alt=\"\" width=\"300\" height=\"300\"> <img loading=\"lazy\" src=\"https:\/\/onkayapi.com\/wp-content\/uploads\/2021\/07\/alcipan-profili-300x225.jpg\" alt=\"\" width=\"300\" height=\"225\">&nbsp;<\/p>\n<p><a href=\"\">Metal ve Ta\u015fy\u00fcn\u00fc Tavan Sistemleri<\/a><\/p>\n<p><img loading=\"lazy\" src=\"https:\/\/onkayapi.com\/wp-content\/uploads\/2021\/07\/METAL-ASMA-TAVAN-300x150.jpg\" alt=\"\" width=\"300\" height=\"150\"> <img loading=\"lazy\" src=\"https:\/\/onkayapi.com\/wp-content\/uploads\/2021\/07\/tas-yunu-asma-tavan-paneller-300x150.jpg\" alt=\"\" width=\"300\" height=\"150\"> <img loading=\"lazy\" src=\"https:\/\/onkayapi.com\/wp-content\/uploads\/2021\/07\/tasyunu-300x194.jpg\" alt=\"\" width=\"300\" height=\"194\"><\/p>\n<p><img loading=\"lazy\" src=\"https:\/\/onkayapi.com\/wp-content\/uploads\/2021\/07\/asma-tavan.jpg\" alt=\"\" width=\"300\" height=\"266\"><\/p>\n<p><a href=\"\">Seramik ve Yard\u0131mc\u0131 Elemanlar\u0131<\/a><\/p>\n<p><img loading=\"lazy\" src=\"https:\/\/onkayapi.com\/wp-content\/uploads\/2021\/07\/1507639998-1500x750-1-300x150.jpg\" alt=\"\" width=\"300\" height=\"150\"><img loading=\"lazy\" src=\"https:\/\/onkayapi.com\/wp-content\/uploads\/2021\/07\/seramik--300x160.png\" alt=\"\" width=\"300\" height=\"160\"><\/p>\n<p><a href=\"\">Boya ve yard\u0131mc\u0131 malzemeleri<\/a><\/p>\n<p><img loading=\"lazy\" src=\"https:\/\/onkayapi.com\/wp-content\/uploads\/2021\/09\/boya-malzemeleri-onkayapi-300x300.jpg\" alt=\"\" width=\"300\" height=\"300\"><\/p>\n<p><a href=\"\">Tesisat Malzemeleri<\/a><\/p>\n<p><img loading=\"lazy\" src=\"https:\/\/onkayapi.com\/wp-content\/uploads\/2021\/07\/tesisat1-300x294.jpg\" alt=\"\" width=\"300\" height=\"294\"> <img loading=\"lazy\" src=\"https:\/\/onkayapi.com\/wp-content\/uploads\/2021\/07\/tesisat2-300x197.jpg\" alt=\"\" width=\"300\" height=\"197\"><\/p>\n<p><a href=\"\">Pvc , Panel , \u00c7elik D\u0131\u015f ve Al\u00fcminyum Kap\u0131lar<\/a><\/p>\n<p><img loading=\"lazy\" src=\"https:\/\/onkayapi.com\/wp-content\/uploads\/2021\/07\/aluminyum-camli-kapi-featured-1536x1152-1-300x225.jpg\" alt=\"\" width=\"300\" height=\"225\"> <img loading=\"lazy\" src=\"https:\/\/onkayapi.com\/wp-content\/uploads\/2021\/07\/celik-kapi-300x200.jpg\" alt=\"\" width=\"300\" height=\"200\"> <img loading=\"lazy\" src=\"https:\/\/onkayapi.com\/wp-content\/uploads\/2021\/07\/panel-kapi-300x151.jpg\" alt=\"\" width=\"300\" height=\"151\"> <img loading=\"lazy\" src=\"https:\/\/onkayapi.com\/wp-content\/uploads\/2021\/07\/pvc-kapi-300x210.jpg\" alt=\"\" width=\"300\" height=\"210\"> <img loading=\"lazy\" src=\"https:\/\/onkayapi.com\/wp-content\/uploads\/2021\/07\/wc-pvc-kapi-modelleri75849884-300x191.jpg\" alt=\"\" width=\"300\" height=\"191\"><\/p>","protected":false},"excerpt":{"rendered":"<p>Yap\u0131 Malzeme Sat\u0131\u015f Firmam\u0131z taraf\u0131ndan sat\u0131\u015f\u0131 sunulan yap\u0131 malzemeleri; Al\u00e7\u0131pan ve Sistemleri &nbsp; Metal ve Ta\u015fy\u00fcn\u00fc Tavan Sistemleri Seramik ve Yard\u0131mc\u0131 Elemanlar\u0131 Boya ve yard\u0131mc\u0131 malzemeleri Tesisat Malzemeleri Pvc , Panel , \u00c7elik D\u0131\u015f ve Al\u00fcminyum Kap\u0131lar<\/p>\n","protected":false},"author":1,"featured_media":0,"parent":0,"menu_order":0,"comment_status":"closed","ping_status":"closed","template":"blank-builder.php","meta":[],"_links":{"self":[{"href":"https:\/\/onkayapi.com\/index.php\/wp-json\/wp\/v2\/pages\/3853"}],"collection":[{"href":"https:\/\/onkayapi.com\/index.php\/wp-json\/wp\/v2\/pages"}],"about":[{"href":"https:\/\/onkayapi.com\/index.php\/wp-json\/wp\/v2\/types\/page"}],"author":[{"embeddable":true,"href":"https:\/\/onkayapi.com\/index.php\/wp-json\/wp\/v2\/users\/1"}],"replies":[{"embeddable":true,"href":"https:\/\/onkayapi.com\/index.php\/wp-json\/wp\/v2\/comments?post=3853"}],"version-history":[{"count":76,"href":"https:\/\/onkayapi.com\/index.php\/wp-json\/wp\/v2\/pages\/3853\/revisions"}],"predecessor-version":[{"id":5210,"href":"https:\/\/onkayapi.com\/index.php\/wp-json\/wp\/v2\/pages\/3853\/revisions\/5210"}],"wp:attachment":[{"href":"https:\/\/onkayapi.com\/index.php\/wp-json\/wp\/v2\/media?parent=3853"}],"curies":[{"name":"wp","href":"https:\/\/api.w.org\/{rel}","templated":true}]}}