{"id":3860,"date":"2021-06-18T09:18:48","date_gmt":"2021-06-18T06:18:48","guid":{"rendered":"http:\/\/onkayapi.com\/wordpresss\/?page_id=3860"},"modified":"2021-06-18T09:21:11","modified_gmt":"2021-06-18T06:21:11","slug":"laminat-parke-uygulama-satis","status":"publish","type":"page","link":"https:\/\/onkayapi.com\/index.php\/laminat-parke-uygulama-satis\/","title":{"rendered":"Laminat Parke Uygulama &#8211; Sat\u0131\u015f"},"content":{"rendered":"\t\t<div data-elementor-type=\"post\" data-elementor-id=\"3860\" class=\"elementor elementor-3860\" data-elementor-settings=\"[]\">\n\t\t\t<div class=\"elementor-inner\">\n\t\t\t\t<div class=\"elementor-section-wrap\">\n\t\t\t\t\t\t\t<section class=\"elementor-element elementor-element-c9ad5ec elementor-section-boxed elementor-section-height-default elementor-section-height-default elementor-section elementor-top-section\" data-id=\"c9ad5ec\" data-element_type=\"section\">\n\t\t\t\t\t\t<div class=\"elementor-container elementor-column-gap-default\">\n\t\t\t\t<div class=\"elementor-row\">\n\t\t\t\t<div class=\"elementor-element elementor-element-2febe3a elementor-column elementor-col-100 elementor-top-column\" data-id=\"2febe3a\" data-element_type=\"column\">\n\t\t\t<div class=\"elementor-column-wrap  elementor-element-populated\">\n\t\t\t\t\t<div class=\"elementor-widget-wrap\">\n\t\t\t\t<div class=\"elementor-element elementor-element-e4f531b elementor-widget elementor-widget-image\" data-id=\"e4f531b\" data-element_type=\"widget\" data-widget_type=\"image.default\">\n\t\t\t\t<div class=\"elementor-widget-container\">\n\t\t\t\t\t<div class=\"elementor-image\">\n\t\t\t\t\t\t\t\t\t\t<img src=\"https:\/\/onkayapi.com\/wordpresss\/wp-content\/uploads\/2019\/05\/blog-1.jpg\" title=\"\" alt=\"\" \/>\t\t\t\t\t\t\t\t\t\t\t<\/div>\n\t\t\t\t<\/div>\n\t\t\t\t<\/div>\n\t\t\t\t\t\t<\/div>\n\t\t\t<\/div>\n\t\t<\/div>\n\t\t\t\t\t\t<\/div>\n\t\t\t<\/div>\n\t\t<\/section>\n\t\t\t\t<section class=\"elementor-element elementor-element-4f3bb43 elementor-section-boxed elementor-section-height-default elementor-section-height-default elementor-section elementor-top-section\" data-id=\"4f3bb43\" data-element_type=\"section\">\n\t\t\t\t\t\t<div class=\"elementor-container elementor-column-gap-default\">\n\t\t\t\t<div class=\"elementor-row\">\n\t\t\t\t<div class=\"elementor-element elementor-element-46f52da elementor-column elementor-col-100 elementor-top-column\" data-id=\"46f52da\" data-element_type=\"column\">\n\t\t\t<div class=\"elementor-column-wrap  elementor-element-populated\">\n\t\t\t\t\t<div class=\"elementor-widget-wrap\">\n\t\t\t\t<div class=\"elementor-element elementor-element-98ca09f elementor-widget elementor-widget-text-editor\" data-id=\"98ca09f\" data-element_type=\"widget\" data-widget_type=\"text-editor.default\">\n\t\t\t\t<div class=\"elementor-widget-container\">\n\t\t\t\t\t<div class=\"elementor-text-editor elementor-clearfix\"><div class=\"custom-heading\"><div class=\"custom-heading\"><div class=\"custom-heading\"><div class=\"custom-heading\"><div class=\"custom-heading\"><div class=\"custom-heading\"><div class=\"custom-heading\"><h4>Laminat Parke Uygulama &#8211; Sat\u0131\u015f<\/h4><\/div><p>Laminat parke uygulama ve sat\u0131\u015f firmam\u0131z taraf\u0131ndan yap\u0131lmaktad\u0131r.<\/p><\/div><\/div><\/div><\/div><\/div><\/div><\/div>\n\t\t\t\t<\/div>\n\t\t\t\t<\/div>\n\t\t\t\t\t\t<\/div>\n\t\t\t<\/div>\n\t\t<\/div>\n\t\t\t\t\t\t<\/div>\n\t\t\t<\/div>\n\t\t<\/section>\n\t\t\t\t\t\t<\/div>\n\t\t\t<\/div>\n\t\t<\/div>\n\t\t","protected":false},"excerpt":{"rendered":"<p>Laminat Parke Uygulama &#8211; Sat\u0131\u015f Laminat parke uygulama ve sat\u0131\u015f firmam\u0131z taraf\u0131ndan yap\u0131lmaktad\u0131r.<\/p>\n","protected":false},"author":1,"featured_media":0,"parent":0,"menu_order":0,"comment_status":"closed","ping_status":"closed","template":"blank-builder.php","meta":[],"_links":{"self":[{"href":"https:\/\/onkayapi.com\/index.php\/wp-json\/wp\/v2\/pages\/3860"}],"collection":[{"href":"https:\/\/onkayapi.com\/index.php\/wp-json\/wp\/v2\/pages"}],"about":[{"href":"https:\/\/onkayapi.com\/index.php\/wp-json\/wp\/v2\/types\/page"}],"author":[{"embeddable":true,"href":"https:\/\/onkayapi.com\/index.php\/wp-json\/wp\/v2\/users\/1"}],"replies":[{"embeddable":true,"href":"https:\/\/onkayapi.com\/index.php\/wp-json\/wp\/v2\/comments?post=3860"}],"version-history":[{"count":4,"href":"https:\/\/onkayapi.com\/index.php\/wp-json\/wp\/v2\/pages\/3860\/revisions"}],"predecessor-version":[{"id":3866,"href":"https:\/\/onkayapi.com\/index.php\/wp-json\/wp\/v2\/pages\/3860\/revisions\/3866"}],"wp:attachment":[{"href":"https:\/\/onkayapi.com\/index.php\/wp-json\/wp\/v2\/media?parent=3860"}],"curies":[{"name":"wp","href":"https:\/\/api.w.org\/{rel}","templated":true}]}}