{"id":3874,"date":"2021-06-18T09:24:49","date_gmt":"2021-06-18T06:24:49","guid":{"rendered":"http:\/\/onkayapi.com\/wordpresss\/?page_id=3874"},"modified":"2021-07-10T15:50:16","modified_gmt":"2021-07-10T12:50:16","slug":"kat-karsiligi-insaat","status":"publish","type":"page","link":"https:\/\/onkayapi.com\/index.php\/kat-karsiligi-insaat\/","title":{"rendered":"Kat Kar\u015f\u0131l\u0131\u011f\u0131 \u0130n\u015faat"},"content":{"rendered":"\t\t<div data-elementor-type=\"post\" data-elementor-id=\"3874\" class=\"elementor elementor-3874\" data-elementor-settings=\"[]\">\n\t\t\t<div class=\"elementor-inner\">\n\t\t\t\t<div class=\"elementor-section-wrap\">\n\t\t\t\t\t\t\t<section class=\"elementor-element elementor-element-c9ad5ec elementor-section-boxed elementor-section-height-default elementor-section-height-default elementor-section elementor-top-section\" data-id=\"c9ad5ec\" data-element_type=\"section\">\n\t\t\t\t\t\t<div class=\"elementor-container elementor-column-gap-default\">\n\t\t\t\t<div class=\"elementor-row\">\n\t\t\t\t<div class=\"elementor-element elementor-element-2febe3a elementor-column elementor-col-100 elementor-top-column\" data-id=\"2febe3a\" data-element_type=\"column\">\n\t\t\t<div class=\"elementor-column-wrap  elementor-element-populated\">\n\t\t\t\t\t<div class=\"elementor-widget-wrap\">\n\t\t\t\t<div class=\"elementor-element elementor-element-e4f531b elementor-widget elementor-widget-image\" data-id=\"e4f531b\" data-element_type=\"widget\" data-widget_type=\"image.default\">\n\t\t\t\t<div class=\"elementor-widget-container\">\n\t\t\t\t\t<div class=\"elementor-image\">\n\t\t\t\t\t\t\t\t\t\t<img width=\"2048\" height=\"859\" src=\"https:\/\/onkayapi.com\/wp-content\/uploads\/2021\/07\/kat-01-2048x859.png\" class=\"attachment-2048x2048 size-2048x2048\" alt=\"\" loading=\"lazy\" \/>\t\t\t\t\t\t\t\t\t\t\t<\/div>\n\t\t\t\t<\/div>\n\t\t\t\t<\/div>\n\t\t\t\t\t\t<\/div>\n\t\t\t<\/div>\n\t\t<\/div>\n\t\t\t\t\t\t<\/div>\n\t\t\t<\/div>\n\t\t<\/section>\n\t\t\t\t<section class=\"elementor-element elementor-element-4f3bb43 elementor-section-boxed elementor-section-height-default elementor-section-height-default elementor-section elementor-top-section\" data-id=\"4f3bb43\" data-element_type=\"section\">\n\t\t\t\t\t\t<div class=\"elementor-container elementor-column-gap-default\">\n\t\t\t\t<div class=\"elementor-row\">\n\t\t\t\t<div class=\"elementor-element elementor-element-46f52da elementor-column elementor-col-100 elementor-top-column\" data-id=\"46f52da\" data-element_type=\"column\">\n\t\t\t<div class=\"elementor-column-wrap  elementor-element-populated\">\n\t\t\t\t\t<div class=\"elementor-widget-wrap\">\n\t\t\t\t<div class=\"elementor-element elementor-element-98ca09f elementor-widget elementor-widget-text-editor\" data-id=\"98ca09f\" data-element_type=\"widget\" data-widget_type=\"text-editor.default\">\n\t\t\t\t<div class=\"elementor-widget-container\">\n\t\t\t\t\t<div class=\"elementor-text-editor elementor-clearfix\"><div class=\"custom-heading\"><div class=\"custom-heading\"><div class=\"custom-heading\"><div class=\"custom-heading\"><div class=\"custom-heading\"><div class=\"custom-heading\"><div class=\"custom-heading\"><h4>Kat Kar\u015f\u0131l\u0131\u011f\u0131 \u0130n\u015faat<\/h4><h4><\/h4><h4><\/h4><\/div><p>Haz\u0131rlam\u0131\u015f oldu\u011fumuz websitelerinde google seo uyumlu hale getirmek i\u00e7in gerekli olan tag ve etiketleri ekleyerek sitenizin google de \u00fcst s\u0131ralara rahatca \u00e7\u0131kmas\u0131n\u0131 sa\u011fl\u0131yoruz. <\/p><\/div><\/div><\/div><\/div><\/div><\/div><\/div>\n\t\t\t\t<\/div>\n\t\t\t\t<\/div>\n\t\t\t\t\t\t<\/div>\n\t\t\t<\/div>\n\t\t<\/div>\n\t\t\t\t\t\t<\/div>\n\t\t\t<\/div>\n\t\t<\/section>\n\t\t\t\t\t\t<\/div>\n\t\t\t<\/div>\n\t\t<\/div>\n\t\t","protected":false},"excerpt":{"rendered":"<p>Kat Kar\u015f\u0131l\u0131\u011f\u0131 \u0130n\u015faat Haz\u0131rlam\u0131\u015f oldu\u011fumuz websitelerinde google seo uyumlu hale getirmek i\u00e7in gerekli olan tag ve etiketleri ekleyerek sitenizin google de \u00fcst s\u0131ralara rahatca \u00e7\u0131kmas\u0131n\u0131 sa\u011fl\u0131yoruz.<\/p>\n","protected":false},"author":1,"featured_media":0,"parent":0,"menu_order":0,"comment_status":"closed","ping_status":"closed","template":"blank-builder.php","meta":[],"_links":{"self":[{"href":"https:\/\/onkayapi.com\/index.php\/wp-json\/wp\/v2\/pages\/3874"}],"collection":[{"href":"https:\/\/onkayapi.com\/index.php\/wp-json\/wp\/v2\/pages"}],"about":[{"href":"https:\/\/onkayapi.com\/index.php\/wp-json\/wp\/v2\/types\/page"}],"author":[{"embeddable":true,"href":"https:\/\/onkayapi.com\/index.php\/wp-json\/wp\/v2\/users\/1"}],"replies":[{"embeddable":true,"href":"https:\/\/onkayapi.com\/index.php\/wp-json\/wp\/v2\/comments?post=3874"}],"version-history":[{"count":14,"href":"https:\/\/onkayapi.com\/index.php\/wp-json\/wp\/v2\/pages\/3874\/revisions"}],"predecessor-version":[{"id":4782,"href":"https:\/\/onkayapi.com\/index.php\/wp-json\/wp\/v2\/pages\/3874\/revisions\/4782"}],"wp:attachment":[{"href":"https:\/\/onkayapi.com\/index.php\/wp-json\/wp\/v2\/media?parent=3874"}],"curies":[{"name":"wp","href":"https:\/\/api.w.org\/{rel}","templated":true}]}}