{"id":4217,"date":"2021-07-08T14:28:58","date_gmt":"2021-07-08T11:28:58","guid":{"rendered":"http:\/\/onkayapi.com\/wordpresss\/?page_id=4217"},"modified":"2021-07-08T14:31:20","modified_gmt":"2021-07-08T11:31:20","slug":"isilti-guzellik-salonu","status":"publish","type":"page","link":"https:\/\/onkayapi.com\/index.php\/isilti-guzellik-salonu\/","title":{"rendered":"I\u015eILTI G\u00dcZELL\u0130K SALONU"},"content":{"rendered":"\t\t<div data-elementor-type=\"post\" data-elementor-id=\"4217\" class=\"elementor elementor-4217\" data-elementor-settings=\"[]\">\n\t\t\t<div class=\"elementor-inner\">\n\t\t\t\t<div class=\"elementor-section-wrap\">\n\t\t\t\t\t\t\t<section class=\"elementor-element elementor-element-0c16276 elementor-section-boxed elementor-section-height-default elementor-section-height-default elementor-section elementor-top-section\" data-id=\"0c16276\" data-element_type=\"section\">\n\t\t\t\t\t\t<div class=\"elementor-container elementor-column-gap-default\">\n\t\t\t\t<div class=\"elementor-row\">\n\t\t\t\t<div class=\"elementor-element elementor-element-cceadd3 elementor-column elementor-col-100 elementor-top-column\" data-id=\"cceadd3\" data-element_type=\"column\">\n\t\t\t<div class=\"elementor-column-wrap  elementor-element-populated\">\n\t\t\t\t\t<div class=\"elementor-widget-wrap\">\n\t\t\t\t<div class=\"elementor-element elementor-element-0a31599 elementor-widget elementor-widget-image-gallery\" data-id=\"0a31599\" data-element_type=\"widget\" data-widget_type=\"image-gallery.default\">\n\t\t\t\t<div class=\"elementor-widget-container\">\n\t\t\t\t\t<div class=\"elementor-image-gallery\">\n\t\t\t<div id='gallery-1' class='gallery galleryid-4217 gallery-columns-3 gallery-size-bim-related-post'><figure class='gallery-item'>\n\t\t\t<div class='gallery-icon landscape'>\n\t\t\t\t<a data-elementor-open-lightbox=\"default\" data-elementor-lightbox-slideshow=\"0a31599\" href='https:\/\/onkayapi.com\/wp-content\/uploads\/2021\/07\/isilti-guzellik-salonu_8.jpeg'><img width=\"500\" height=\"300\" src=\"https:\/\/onkayapi.com\/wp-content\/uploads\/2021\/07\/isilti-guzellik-salonu_8-500x300.jpeg\" class=\"attachment-bim-related-post size-bim-related-post\" alt=\"\" loading=\"lazy\" \/><\/a>\n\t\t\t<\/div><\/figure><figure class='gallery-item'>\n\t\t\t<div class='gallery-icon landscape'>\n\t\t\t\t<a data-elementor-open-lightbox=\"default\" data-elementor-lightbox-slideshow=\"0a31599\" href='https:\/\/onkayapi.com\/wp-content\/uploads\/2021\/07\/isilti-guzellik-salonu-2018-03-02-12-55-00-0.jpeg'><img width=\"500\" height=\"300\" src=\"https:\/\/onkayapi.com\/wp-content\/uploads\/2021\/07\/isilti-guzellik-salonu-2018-03-02-12-55-00-0-500x300.jpeg\" class=\"attachment-bim-related-post size-bim-related-post\" alt=\"\" loading=\"lazy\" \/><\/a>\n\t\t\t<\/div><\/figure><figure class='gallery-item'>\n\t\t\t<div class='gallery-icon landscape'>\n\t\t\t\t<a data-elementor-open-lightbox=\"default\" data-elementor-lightbox-slideshow=\"0a31599\" href='https:\/\/onkayapi.com\/wp-content\/uploads\/2021\/07\/isilti-guzellik-salonu-2018-03-02-12-56-02-0.jpeg'><img width=\"500\" height=\"300\" src=\"https:\/\/onkayapi.com\/wp-content\/uploads\/2021\/07\/isilti-guzellik-salonu-2018-03-02-12-56-02-0-500x300.jpeg\" class=\"attachment-bim-related-post size-bim-related-post\" alt=\"\" loading=\"lazy\" \/><\/a>\n\t\t\t<\/div><\/figure><figure class='gallery-item'>\n\t\t\t<div class='gallery-icon landscape'>\n\t\t\t\t<a data-elementor-open-lightbox=\"default\" data-elementor-lightbox-slideshow=\"0a31599\" href='https:\/\/onkayapi.com\/wp-content\/uploads\/2021\/07\/isilti-guzellik-salonu-2018-03-02-12-56-02-1.jpeg'><img width=\"500\" height=\"300\" src=\"https:\/\/onkayapi.com\/wp-content\/uploads\/2021\/07\/isilti-guzellik-salonu-2018-03-02-12-56-02-1-500x300.jpeg\" class=\"attachment-bim-related-post size-bim-related-post\" alt=\"\" loading=\"lazy\" \/><\/a>\n\t\t\t<\/div><\/figure><figure class='gallery-item'>\n\t\t\t<div class='gallery-icon landscape'>\n\t\t\t\t<a data-elementor-open-lightbox=\"default\" data-elementor-lightbox-slideshow=\"0a31599\" href='https:\/\/onkayapi.com\/wp-content\/uploads\/2021\/07\/isilti-guzellik-salonu-2018-03-02-12-56-02-2.jpeg'><img width=\"500\" height=\"300\" src=\"https:\/\/onkayapi.com\/wp-content\/uploads\/2021\/07\/isilti-guzellik-salonu-2018-03-02-12-56-02-2-500x300.jpeg\" class=\"attachment-bim-related-post size-bim-related-post\" alt=\"\" loading=\"lazy\" \/><\/a>\n\t\t\t<\/div><\/figure><figure class='gallery-item'>\n\t\t\t<div class='gallery-icon landscape'>\n\t\t\t\t<a data-elementor-open-lightbox=\"default\" data-elementor-lightbox-slideshow=\"0a31599\" href='https:\/\/onkayapi.com\/wp-content\/uploads\/2021\/07\/isilti-guzellik-salonu-2018-03-02-12-56-02-3.jpeg'><img width=\"500\" height=\"300\" src=\"https:\/\/onkayapi.com\/wp-content\/uploads\/2021\/07\/isilti-guzellik-salonu-2018-03-02-12-56-02-3-500x300.jpeg\" class=\"attachment-bim-related-post size-bim-related-post\" alt=\"\" loading=\"lazy\" \/><\/a>\n\t\t\t<\/div><\/figure><figure class='gallery-item'>\n\t\t\t<div class='gallery-icon landscape'>\n\t\t\t\t<a data-elementor-open-lightbox=\"default\" data-elementor-lightbox-slideshow=\"0a31599\" href='https:\/\/onkayapi.com\/wp-content\/uploads\/2021\/07\/isilti-guzellik-salonu-2018-03-02-12-56-02-4.jpeg'><img width=\"500\" height=\"300\" src=\"https:\/\/onkayapi.com\/wp-content\/uploads\/2021\/07\/isilti-guzellik-salonu-2018-03-02-12-56-02-4-500x300.jpeg\" class=\"attachment-bim-related-post size-bim-related-post\" alt=\"\" loading=\"lazy\" \/><\/a>\n\t\t\t<\/div><\/figure><figure class='gallery-item'>\n\t\t\t<div class='gallery-icon landscape'>\n\t\t\t\t<a data-elementor-open-lightbox=\"default\" data-elementor-lightbox-slideshow=\"0a31599\" href='https:\/\/onkayapi.com\/wp-content\/uploads\/2021\/07\/isilti-guzellik-salonu-2018-03-02-12-56-02-5.jpeg'><img width=\"500\" height=\"300\" src=\"https:\/\/onkayapi.com\/wp-content\/uploads\/2021\/07\/isilti-guzellik-salonu-2018-03-02-12-56-02-5-500x300.jpeg\" class=\"attachment-bim-related-post size-bim-related-post\" alt=\"\" loading=\"lazy\" \/><\/a>\n\t\t\t<\/div><\/figure><figure class='gallery-item'>\n\t\t\t<div class='gallery-icon landscape'>\n\t\t\t\t<a data-elementor-open-lightbox=\"default\" data-elementor-lightbox-slideshow=\"0a31599\" href='https:\/\/onkayapi.com\/wp-content\/uploads\/2021\/07\/isilti-guzellik-salonu-2018-03-02-12-56-02-6.jpeg'><img width=\"500\" height=\"300\" src=\"https:\/\/onkayapi.com\/wp-content\/uploads\/2021\/07\/isilti-guzellik-salonu-2018-03-02-12-56-02-6-500x300.jpeg\" class=\"attachment-bim-related-post size-bim-related-post\" alt=\"\" loading=\"lazy\" \/><\/a>\n\t\t\t<\/div><\/figure><figure class='gallery-item'>\n\t\t\t<div class='gallery-icon landscape'>\n\t\t\t\t<a data-elementor-open-lightbox=\"default\" data-elementor-lightbox-slideshow=\"0a31599\" href='https:\/\/onkayapi.com\/wp-content\/uploads\/2021\/07\/isilti-guzellik-salonu-2018-03-02-12-56-05-7.jpeg'><img width=\"500\" height=\"300\" src=\"https:\/\/onkayapi.com\/wp-content\/uploads\/2021\/07\/isilti-guzellik-salonu-2018-03-02-12-56-05-7-500x300.jpeg\" class=\"attachment-bim-related-post size-bim-related-post\" alt=\"\" loading=\"lazy\" \/><\/a>\n\t\t\t<\/div><\/figure><figure class='gallery-item'>\n\t\t\t<div class='gallery-icon landscape'>\n\t\t\t\t<a data-elementor-open-lightbox=\"default\" data-elementor-lightbox-slideshow=\"0a31599\" href='https:\/\/onkayapi.com\/wp-content\/uploads\/2021\/07\/isilti-guzellik-salonu-2018-03-02-12-56-05-8.jpeg'><img width=\"500\" height=\"300\" src=\"https:\/\/onkayapi.com\/wp-content\/uploads\/2021\/07\/isilti-guzellik-salonu-2018-03-02-12-56-05-8-500x300.jpeg\" class=\"attachment-bim-related-post size-bim-related-post\" alt=\"\" loading=\"lazy\" \/><\/a>\n\t\t\t<\/div><\/figure><figure class='gallery-item'>\n\t\t\t<div class='gallery-icon landscape'>\n\t\t\t\t<a data-elementor-open-lightbox=\"default\" data-elementor-lightbox-slideshow=\"0a31599\" href='https:\/\/onkayapi.com\/wp-content\/uploads\/2021\/07\/isilti-guzellik-salonu-2018-03-02-12-56-05-12.jpeg'><img width=\"500\" height=\"300\" src=\"https:\/\/onkayapi.com\/wp-content\/uploads\/2021\/07\/isilti-guzellik-salonu-2018-03-02-12-56-05-12-500x300.jpeg\" class=\"attachment-bim-related-post size-bim-related-post\" alt=\"\" loading=\"lazy\" \/><\/a>\n\t\t\t<\/div><\/figure>\n\t\t<\/div>\n\t\t<\/div>\n\t\t\t\t<\/div>\n\t\t\t\t<\/div>\n\t\t\t\t\t\t<\/div>\n\t\t\t<\/div>\n\t\t<\/div>\n\t\t\t\t\t\t<\/div>\n\t\t\t<\/div>\n\t\t<\/section>\n\t\t\t\t\t\t<\/div>\n\t\t\t<\/div>\n\t\t<\/div>\n\t\t","protected":false},"excerpt":{"rendered":"","protected":false},"author":1,"featured_media":0,"parent":0,"menu_order":0,"comment_status":"closed","ping_status":"closed","template":"blank-builder.php","meta":[],"_links":{"self":[{"href":"https:\/\/onkayapi.com\/index.php\/wp-json\/wp\/v2\/pages\/4217"}],"collection":[{"href":"https:\/\/onkayapi.com\/index.php\/wp-json\/wp\/v2\/pages"}],"about":[{"href":"https:\/\/onkayapi.com\/index.php\/wp-json\/wp\/v2\/types\/page"}],"author":[{"embeddable":true,"href":"https:\/\/onkayapi.com\/index.php\/wp-json\/wp\/v2\/users\/1"}],"replies":[{"embeddable":true,"href":"https:\/\/onkayapi.com\/index.php\/wp-json\/wp\/v2\/comments?post=4217"}],"version-history":[{"count":4,"href":"https:\/\/onkayapi.com\/index.php\/wp-json\/wp\/v2\/pages\/4217\/revisions"}],"predecessor-version":[{"id":4236,"href":"https:\/\/onkayapi.com\/index.php\/wp-json\/wp\/v2\/pages\/4217\/revisions\/4236"}],"wp:attachment":[{"href":"https:\/\/onkayapi.com\/index.php\/wp-json\/wp\/v2\/media?parent=4217"}],"curies":[{"name":"wp","href":"https:\/\/api.w.org\/{rel}","templated":true}]}}